{"id":48331,"date":"2016-06-03T07:06:01","date_gmt":"2016-06-03T06:06:01","guid":{"rendered":"http:\/\/zeeuwsvocaalensemble.nl\/shop\/?page_id=48331"},"modified":"2022-02-21T16:58:55","modified_gmt":"2022-02-21T15:58:55","slug":"vriend-worden","status":"publish","type":"page","link":"https:\/\/zeeuwsvocaalensemble.nl\/shop\/index.php\/vriend-worden\/","title":{"rendered":"Vriend worden"},"content":{"rendered":"<div class=\"wpb-content-wrapper\"><p>[vc_row gap=&#8221;10&#8243; type=&#8221;boxed&#8221;][vc_column][vc_column_text]<\/p>\n<p style=\"text-align: center;\">Al vanaf \u20ac 35,00 per jaar geniet u van de mooiste muziek \u00e9n profiteert u van (\u00e9\u00e9n of een aantal van) de volgende voordelen:<\/p>\n<p style=\"text-align: center;\">*\u00a0 oplopende kortingen op tickets voor concerten<\/p>\n<p style=\"text-align: center;\">*\u00a0 voor elk concert een reminder met informatie over het concert<\/p>\n<p style=\"text-align: center;\"><strong>Hoe werkt het?<\/strong><\/p>\n<p style=\"text-align: center;\">Selecteer <a href=\"https:\/\/zeeuwsvocaalensemble.nl\/shop\/index.php\/product\/vriend-worden\/\">hier<\/a> bij \u2018Vriend worden\u2019 het gewenste pakket. Plaats dit in je winkelwagentje en reken af zoals gebruikelijk.<\/p>\n<p style=\"text-align: center;\">U ontvangt informatie over de bijbehorende voordelen per post\/mail.<\/p>\n<p>[\/vc_column_text][\/vc_column][\/vc_row][vc_row css=&#8221;.vc_custom_1464932985216{background-color: #404040 !important;}&#8221;][vc_column][vc_row_inner gap=&#8221;20&#8243; type=&#8221;boxed&#8221; css=&#8221;.vc_custom_1464933153728{padding-top: 75px !important;padding-bottom: 75px !important;}&#8221;][vc_column_inner width=&#8221;1\/2&#8243;][vc_custom_heading text=&#8221;Zeeuws Vocaal Ensemble&#8221; font_container=&#8221;tag:h3|text_align:left|color:%2328aae2&#8243; google_fonts=&#8221;font_family:Bitter%3Aregular%2Citalic%2C700|font_style:400%20regular%3A400%3Anormal&#8221; css=&#8221;.vc_custom_1464933171233{padding-bottom: 20px !important;}&#8221;][vc_column_text]<span style=\"color: #ffffff;\">Het Zeeuws Vocaal Ensemble is een toonaangevend kamerkoor in Zeeland en staat onder leiding van Patrick van der Linden. Repetities vinden plaats in de Mozes en A\u00e4ronkerk te Biezelinge (Noordstraat).<\/span><\/p>\n<p><span style=\"color: #ffffff;\">Het ZVE is momenteel nog op zoek naar tenoren. Belangstellenden zijn van harte welkom om geheel vrijblijvend een repetitie bij te wonen, contact via zwsvocensemble@gmail.com<\/span><\/p>\n<p><span style=\"color: #ffffff;\">Een aantal opnames van het ZVE is te horen op <a href=\"https:\/\/www.youtube.com\/channel\/UCloYk1onNQrs7g7D_OMdshQ\" target=\"_blank\" rel=\"noopener noreferrer\">YouTube<\/a><\/span>[\/vc_column_text][\/vc_column_inner][vc_column_inner width=&#8221;1\/2&#8243;][vc_custom_heading text=&#8221;Word vriend&#8221; font_container=&#8221;tag:h3|text_align:left|color:%2328aae2&#8243; google_fonts=&#8221;font_family:Bitter%3Aregular%2Citalic%2C700|font_style:400%20regular%3A400%3Anormal&#8221; css=&#8221;.vc_custom_1645457231649{padding-bottom: 20px !important;}&#8221;][vc_column_text]<span style=\"color: #ffffff;\">Al vanaf \u20ac35,00 per jaar wordt u vriend van ZVE. U steunt het Ensemble en ontvangt leuke extra&#8217;s als dank<\/span>[\/vc_column_text][vc_btn title=&#8221;Vriend worden&#8221; style=&#8221;gradient-custom&#8221; gradient_custom_color_1=&#8221;#58bee2&#8243; gradient_custom_color_2=&#8221;#009ee2&#8243; shape=&#8221;square&#8221; align=&#8221;left&#8221; css=&#8221;.vc_custom_1645457251215{padding-bottom: 50px !important;}&#8221; link=&#8221;url:https%3A%2F%2Fzeeuwsvocaalensemble.nl%2Fshop%2Findex.php%2Fproduct%2Fvriend-worden%2F|title:Vriend%20worden|target:%20_blank|&#8221;][\/vc_column_inner][\/vc_row_inner][\/vc_column][\/vc_row]<\/p>\n<\/div>","protected":false},"excerpt":{"rendered":"<p>[vc_row gap=&#8221;10&#8243; type=&#8221;boxed&#8221;][vc_column][vc_column_text] Al vanaf \u20ac 35,00 per jaar geniet u van de mooiste muziek \u00e9n profiteert u van (\u00e9\u00e9n of een aantal van) de volgende voordelen: *\u00a0 oplopende kortingen op tickets voor concerten *\u00a0 voor elk concert een reminder met informatie over het concert Hoe werkt het? Selecteer hier bij \u2018Vriend worden\u2019 het gewenste &hellip;<\/p>\n<p class=\"read-more\"> <a class=\"\" href=\"https:\/\/zeeuwsvocaalensemble.nl\/shop\/index.php\/vriend-worden\/\"> <span class=\"screen-reader-text\">Vriend worden<\/span> Lees verder &raquo;<\/a><\/p>\n","protected":false},"author":1,"featured_media":0,"parent":0,"menu_order":0,"comment_status":"closed","ping_status":"closed","template":"","meta":{"footnotes":""},"class_list":["post-48331","page","type-page","status-publish","hentry"],"jetpack_sharing_enabled":true,"_links":{"self":[{"href":"https:\/\/zeeuwsvocaalensemble.nl\/shop\/index.php\/wp-json\/wp\/v2\/pages\/48331","targetHints":{"allow":["GET"]}}],"collection":[{"href":"https:\/\/zeeuwsvocaalensemble.nl\/shop\/index.php\/wp-json\/wp\/v2\/pages"}],"about":[{"href":"https:\/\/zeeuwsvocaalensemble.nl\/shop\/index.php\/wp-json\/wp\/v2\/types\/page"}],"author":[{"embeddable":true,"href":"https:\/\/zeeuwsvocaalensemble.nl\/shop\/index.php\/wp-json\/wp\/v2\/users\/1"}],"replies":[{"embeddable":true,"href":"https:\/\/zeeuwsvocaalensemble.nl\/shop\/index.php\/wp-json\/wp\/v2\/comments?post=48331"}],"version-history":[{"count":28,"href":"https:\/\/zeeuwsvocaalensemble.nl\/shop\/index.php\/wp-json\/wp\/v2\/pages\/48331\/revisions"}],"predecessor-version":[{"id":51567,"href":"https:\/\/zeeuwsvocaalensemble.nl\/shop\/index.php\/wp-json\/wp\/v2\/pages\/48331\/revisions\/51567"}],"wp:attachment":[{"href":"https:\/\/zeeuwsvocaalensemble.nl\/shop\/index.php\/wp-json\/wp\/v2\/media?parent=48331"}],"curies":[{"name":"wp","href":"https:\/\/api.w.org\/{rel}","templated":true}]}}